{"id":7,"date":"2019-02-02T16:48:04","date_gmt":"2019-02-02T16:48:04","guid":{"rendered":"http:\/\/www.labrisk.cz\/?page_id=7"},"modified":"2024-06-03T08:15:53","modified_gmt":"2024-06-03T08:15:53","slug":"domu","status":"publish","type":"page","link":"https:\/\/www.labrisk.cz\/","title":{"rendered":"V\u00edtejte!"},"content":{"rendered":"<p>Laborato\u0159 v\u00fdzkumu a \u0159\u00edzen\u00ed rizik (LabR!SK), s.r.o., byla zalo\u017eena t\u0159emi nad\u0161en\u00fdmi partnery 1. ledna 2019.<\/p>\n<p>Na\u0161imi pracovn\u00edmi jazyky jsou po v\u011bt\u0161inu \u010dasu \u010de\u0161tina a angli\u010dtina.<\/p>\n<p>Ji\u017e v\u00edce ne\u017e 5 let s v\u00e1mi identifikujeme, vyhodnocujeme a o\u0161et\u0159ujeme a pom\u00e1h\u00e1me \u0159\u00eddit rizika ve va\u0161ich provozn\u00edch syst\u00e9mech, v\u010detn\u011b souvisej\u00edc\u00ed pl\u00e1novac\u00ed dokumentace!<\/p>\n<p>P\u0159i poskytov\u00e1n\u00ed slu\u017eeb sledujeme n\u00e1\u0161 c\u00edl b\u00fdt jednou ze t\u0159\u00ed nejlep\u0161\u00edch spole\u010dnost\u00ed v \u010cesk\u00e9 republice pro posuzov\u00e1n\u00ed a \u0159\u00edzen\u00ed akutn\u00edch rizik v r\u016fzn\u00fdch druz\u00edch pr\u016fmyslu a zem\u011bd\u011blstv\u00ed, a to z hlediska jejich identifikace, anal\u00fdzy, hodnocen\u00ed a o\u0161et\u0159en\u00ed, v souladu se z\u00e1sadami normy ISO 31000:2018 (ISO 31000, 01 0351).<\/p>\n<p>Za t\u00edmto \u00fa\u010delem neust\u00e1le zdokonalujeme na\u0161i znalostn\u00ed z\u00e1kladnu o mo\u017en\u00fdch hlavn\u00edch p\u0159\u00ed\u010din\u00e1ch nehod, \u00faraz\u016f, skoronehod a hav\u00e1ri\u00ed. D\u00e1le vytv\u00e1\u0159\u00edme a vyv\u00edj\u00edme pomocn\u00e9 n\u00e1stroje pro identifikaci a hodnocen\u00ed rizik s vyu\u017eit\u00edm p\u0159\u00edstupu &#8220;in-situ&#8221; (na m\u00edst\u011b u z\u00e1kazn\u00edka) a &#8220;on-line&#8221; (na d\u00e1lku &#8211; s vyu\u017eit\u00edm nov\u00fdch ICT technologi\u00ed).<\/p>\n<p><img decoding=\"async\" class=\"size-full wp-image-139 alignleft\" src=\"http:\/\/www.labrisk.cz\/wp-content\/uploads\/2019\/02\/cropped-labrisk.png\" alt=\"\" width=\"240\" height=\"47\" srcset=\"https:\/\/www.labrisk.cz\/wp-content\/uploads\/2019\/02\/cropped-labrisk.png 240w, https:\/\/www.labrisk.cz\/wp-content\/uploads\/2019\/02\/cropped-labrisk-1x1.png 1w\" sizes=\"(max-width: 240px) 100vw, 240px\" \/><img decoding=\"async\" class=\"wp-image-136 alignright\" src=\"http:\/\/www.labrisk.cz\/wp-content\/uploads\/2019\/02\/maskot1.png\" alt=\"\" width=\"44\" height=\"56\" srcset=\"https:\/\/www.labrisk.cz\/wp-content\/uploads\/2019\/02\/maskot1.png 336w, https:\/\/www.labrisk.cz\/wp-content\/uploads\/2019\/02\/maskot1-237x300.png 237w, https:\/\/www.labrisk.cz\/wp-content\/uploads\/2019\/02\/maskot1-1x1.png 1w\" sizes=\"(max-width: 44px) 100vw, 44px\" \/><\/p>\n\n\n<figure class=\"wp-block-image size-full is-style-default\"><img fetchpriority=\"high\" decoding=\"async\" width=\"1024\" height=\"412\" src=\"http:\/\/www.labrisk.cz\/wp-content\/uploads\/2024\/05\/EmegencyPlansGIS6.-jpeg_bottom_1024x412.jpg\" alt=\"\" class=\"wp-image-517\" srcset=\"https:\/\/www.labrisk.cz\/wp-content\/uploads\/2024\/05\/EmegencyPlansGIS6.-jpeg_bottom_1024x412.jpg 1024w, https:\/\/www.labrisk.cz\/wp-content\/uploads\/2024\/05\/EmegencyPlansGIS6.-jpeg_bottom_1024x412-300x121.jpg 300w, https:\/\/www.labrisk.cz\/wp-content\/uploads\/2024\/05\/EmegencyPlansGIS6.-jpeg_bottom_1024x412-768x309.jpg 768w, https:\/\/www.labrisk.cz\/wp-content\/uploads\/2024\/05\/EmegencyPlansGIS6.-jpeg_bottom_1024x412-1x1.jpg 1w, https:\/\/www.labrisk.cz\/wp-content\/uploads\/2024\/05\/EmegencyPlansGIS6.-jpeg_bottom_1024x412-600x241.jpg 600w\" sizes=\"(max-width: 1024px) 100vw, 1024px\" \/><\/figure>\n","protected":false},"excerpt":{"rendered":"<p>Laborato\u0159 v\u00fdzkumu a \u0159\u00edzen\u00ed rizik (LabR!SK), s.r.o., byla zalo\u017eena t\u0159emi nad\u0161en\u00fdmi partnery 1. ledna 2019. Na\u0161imi pracovn\u00edmi jazyky jsou po v\u011bt\u0161inu \u010dasu \u010de\u0161tina a angli\u010dtina. Ji\u017e v\u00edce ne\u017e 5 let s v\u00e1mi identifikujeme, vyhodnocujeme a o\u0161et\u0159ujeme a pom\u00e1h\u00e1me \u0159\u00eddit rizika ve va\u0161ich provozn\u00edch syst\u00e9mech, v\u010detn\u011b souvisej\u00edc\u00ed pl\u00e1novac\u00ed dokumentace! P\u0159i poskytov\u00e1n\u00ed slu\u017eeb sledujeme n\u00e1\u0161 c\u00edl b\u00fdt [&hellip;]<\/p>\n","protected":false},"author":1,"featured_media":0,"parent":0,"menu_order":0,"comment_status":"closed","ping_status":"closed","template":"full-width.php","meta":{"footnotes":""},"yoast_head":"<!-- This site is optimized with the Yoast SEO plugin v22.5 - https:\/\/yoast.com\/wordpress\/plugins\/seo\/ -->\n<title>V\u00edtejte! - LabR!SK.cz<\/title>\n<meta name=\"robots\" content=\"index, follow, max-snippet:-1, max-image-preview:large, max-video-preview:-1\" \/>\n<link rel=\"canonical\" href=\"https:\/\/www.labrisk.cz\/\" \/>\n<meta property=\"og:locale\" content=\"en_US\" \/>\n<meta property=\"og:type\" content=\"article\" \/>\n<meta property=\"og:title\" content=\"V\u00edtejte! - LabR!SK.cz\" \/>\n<meta property=\"og:description\" content=\"Laborato\u0159 v\u00fdzkumu a \u0159\u00edzen\u00ed rizik (LabR!SK), s.r.o., byla zalo\u017eena t\u0159emi nad\u0161en\u00fdmi partnery 1. ledna 2019. Na\u0161imi pracovn\u00edmi jazyky jsou po v\u011bt\u0161inu \u010dasu \u010de\u0161tina a angli\u010dtina. Ji\u017e v\u00edce ne\u017e 5 let s v\u00e1mi identifikujeme, vyhodnocujeme a o\u0161et\u0159ujeme a pom\u00e1h\u00e1me \u0159\u00eddit rizika ve va\u0161ich provozn\u00edch syst\u00e9mech, v\u010detn\u011b souvisej\u00edc\u00ed pl\u00e1novac\u00ed dokumentace! P\u0159i poskytov\u00e1n\u00ed slu\u017eeb sledujeme n\u00e1\u0161 c\u00edl b\u00fdt [&hellip;]\" \/>\n<meta property=\"og:url\" content=\"https:\/\/www.labrisk.cz\/\" \/>\n<meta property=\"og:site_name\" content=\"LabR!SK.cz\" \/>\n<meta property=\"article:modified_time\" content=\"2024-06-03T08:15:53+00:00\" \/>\n<meta property=\"og:image\" content=\"http:\/\/www.labrisk.cz\/wp-content\/uploads\/2019\/02\/cropped-labrisk.png\" \/>\n<meta name=\"twitter:label1\" content=\"Est. reading time\" \/>\n\t<meta name=\"twitter:data1\" content=\"2 minutes\" \/>\n<script type=\"application\/ld+json\" class=\"yoast-schema-graph\">{\"@context\":\"https:\/\/schema.org\",\"@graph\":[{\"@type\":\"WebPage\",\"@id\":\"https:\/\/www.labrisk.cz\/\",\"url\":\"https:\/\/www.labrisk.cz\/\",\"name\":\"V\u00edtejte! - LabR!SK.cz\",\"isPartOf\":{\"@id\":\"https:\/\/www.labrisk.cz\/#website\"},\"primaryImageOfPage\":{\"@id\":\"https:\/\/www.labrisk.cz\/#primaryimage\"},\"image\":{\"@id\":\"https:\/\/www.labrisk.cz\/#primaryimage\"},\"thumbnailUrl\":\"http:\/\/www.labrisk.cz\/wp-content\/uploads\/2019\/02\/cropped-labrisk.png\",\"datePublished\":\"2019-02-02T16:48:04+00:00\",\"dateModified\":\"2024-06-03T08:15:53+00:00\",\"breadcrumb\":{\"@id\":\"https:\/\/www.labrisk.cz\/#breadcrumb\"},\"inLanguage\":\"en-US\",\"potentialAction\":[{\"@type\":\"ReadAction\",\"target\":[\"https:\/\/www.labrisk.cz\/\"]}]},{\"@type\":\"ImageObject\",\"inLanguage\":\"en-US\",\"@id\":\"https:\/\/www.labrisk.cz\/#primaryimage\",\"url\":\"https:\/\/www.labrisk.cz\/wp-content\/uploads\/2019\/02\/cropped-labrisk.png\",\"contentUrl\":\"https:\/\/www.labrisk.cz\/wp-content\/uploads\/2019\/02\/cropped-labrisk.png\",\"width\":240,\"height\":47},{\"@type\":\"BreadcrumbList\",\"@id\":\"https:\/\/www.labrisk.cz\/#breadcrumb\",\"itemListElement\":[{\"@type\":\"ListItem\",\"position\":1,\"name\":\"Dom\u016f\",\"item\":\"https:\/\/www.labrisk.cz\/\"},{\"@type\":\"ListItem\",\"position\":2,\"name\":\"V\u00edtejte!\"}]},{\"@type\":\"WebSite\",\"@id\":\"https:\/\/www.labrisk.cz\/#website\",\"url\":\"https:\/\/www.labrisk.cz\/\",\"name\":\"LabR!SK.cz\",\"description\":\"Bezpe\u010dn\u011b, resilientn\u011b a udr\u017eiteln\u011b s n\u00e1mi.\",\"potentialAction\":[{\"@type\":\"SearchAction\",\"target\":{\"@type\":\"EntryPoint\",\"urlTemplate\":\"https:\/\/www.labrisk.cz\/?s={search_term_string}\"},\"query-input\":\"required name=search_term_string\"}],\"inLanguage\":\"en-US\"}]}<\/script>\n<!-- \/ Yoast SEO plugin. -->","yoast_head_json":{"title":"V\u00edtejte! - LabR!SK.cz","robots":{"index":"index","follow":"follow","max-snippet":"max-snippet:-1","max-image-preview":"max-image-preview:large","max-video-preview":"max-video-preview:-1"},"canonical":"https:\/\/www.labrisk.cz\/","og_locale":"en_US","og_type":"article","og_title":"V\u00edtejte! - LabR!SK.cz","og_description":"Laborato\u0159 v\u00fdzkumu a \u0159\u00edzen\u00ed rizik (LabR!SK), s.r.o., byla zalo\u017eena t\u0159emi nad\u0161en\u00fdmi partnery 1. ledna 2019. Na\u0161imi pracovn\u00edmi jazyky jsou po v\u011bt\u0161inu \u010dasu \u010de\u0161tina a angli\u010dtina. Ji\u017e v\u00edce ne\u017e 5 let s v\u00e1mi identifikujeme, vyhodnocujeme a o\u0161et\u0159ujeme a pom\u00e1h\u00e1me \u0159\u00eddit rizika ve va\u0161ich provozn\u00edch syst\u00e9mech, v\u010detn\u011b souvisej\u00edc\u00ed pl\u00e1novac\u00ed dokumentace! P\u0159i poskytov\u00e1n\u00ed slu\u017eeb sledujeme n\u00e1\u0161 c\u00edl b\u00fdt [&hellip;]","og_url":"https:\/\/www.labrisk.cz\/","og_site_name":"LabR!SK.cz","article_modified_time":"2024-06-03T08:15:53+00:00","og_image":[{"url":"http:\/\/www.labrisk.cz\/wp-content\/uploads\/2019\/02\/cropped-labrisk.png"}],"twitter_misc":{"Est. reading time":"2 minutes"},"schema":{"@context":"https:\/\/schema.org","@graph":[{"@type":"WebPage","@id":"https:\/\/www.labrisk.cz\/","url":"https:\/\/www.labrisk.cz\/","name":"V\u00edtejte! - LabR!SK.cz","isPartOf":{"@id":"https:\/\/www.labrisk.cz\/#website"},"primaryImageOfPage":{"@id":"https:\/\/www.labrisk.cz\/#primaryimage"},"image":{"@id":"https:\/\/www.labrisk.cz\/#primaryimage"},"thumbnailUrl":"http:\/\/www.labrisk.cz\/wp-content\/uploads\/2019\/02\/cropped-labrisk.png","datePublished":"2019-02-02T16:48:04+00:00","dateModified":"2024-06-03T08:15:53+00:00","breadcrumb":{"@id":"https:\/\/www.labrisk.cz\/#breadcrumb"},"inLanguage":"en-US","potentialAction":[{"@type":"ReadAction","target":["https:\/\/www.labrisk.cz\/"]}]},{"@type":"ImageObject","inLanguage":"en-US","@id":"https:\/\/www.labrisk.cz\/#primaryimage","url":"https:\/\/www.labrisk.cz\/wp-content\/uploads\/2019\/02\/cropped-labrisk.png","contentUrl":"https:\/\/www.labrisk.cz\/wp-content\/uploads\/2019\/02\/cropped-labrisk.png","width":240,"height":47},{"@type":"BreadcrumbList","@id":"https:\/\/www.labrisk.cz\/#breadcrumb","itemListElement":[{"@type":"ListItem","position":1,"name":"Dom\u016f","item":"https:\/\/www.labrisk.cz\/"},{"@type":"ListItem","position":2,"name":"V\u00edtejte!"}]},{"@type":"WebSite","@id":"https:\/\/www.labrisk.cz\/#website","url":"https:\/\/www.labrisk.cz\/","name":"LabR!SK.cz","description":"Bezpe\u010dn\u011b, resilientn\u011b a udr\u017eiteln\u011b s n\u00e1mi.","potentialAction":[{"@type":"SearchAction","target":{"@type":"EntryPoint","urlTemplate":"https:\/\/www.labrisk.cz\/?s={search_term_string}"},"query-input":"required name=search_term_string"}],"inLanguage":"en-US"}]}},"_links":{"self":[{"href":"https:\/\/www.labrisk.cz\/index.php\/wp-json\/wp\/v2\/pages\/7"}],"collection":[{"href":"https:\/\/www.labrisk.cz\/index.php\/wp-json\/wp\/v2\/pages"}],"about":[{"href":"https:\/\/www.labrisk.cz\/index.php\/wp-json\/wp\/v2\/types\/page"}],"author":[{"embeddable":true,"href":"https:\/\/www.labrisk.cz\/index.php\/wp-json\/wp\/v2\/users\/1"}],"replies":[{"embeddable":true,"href":"https:\/\/www.labrisk.cz\/index.php\/wp-json\/wp\/v2\/comments?post=7"}],"version-history":[{"count":60,"href":"https:\/\/www.labrisk.cz\/index.php\/wp-json\/wp\/v2\/pages\/7\/revisions"}],"predecessor-version":[{"id":681,"href":"https:\/\/www.labrisk.cz\/index.php\/wp-json\/wp\/v2\/pages\/7\/revisions\/681"}],"wp:attachment":[{"href":"https:\/\/www.labrisk.cz\/index.php\/wp-json\/wp\/v2\/media?parent=7"}],"curies":[{"name":"wp","href":"https:\/\/api.w.org\/{rel}","templated":true}]}}