{"id":570,"date":"2024-05-01T09:09:33","date_gmt":"2024-05-01T09:09:33","guid":{"rendered":"https:\/\/www.labrisk.cz\/?page_id=570"},"modified":"2024-06-03T10:50:32","modified_gmt":"2024-06-03T10:50:32","slug":"risk-analysis-and-assessment","status":"publish","type":"page","link":"https:\/\/www.labrisk.cz\/index.php\/risk-analysis-and-assessment\/","title":{"rendered":"Posuzov\u00e1n\u00ed rizik"},"content":{"rendered":"\n<p>Na\u0161e slu\u017eby vych\u00e1zej\u00ed z na\u0161ich vlastn\u00edch zku\u0161enost\u00ed, mezioborov\u00e9 s\u00edt\u011b dostupn\u00fdch odborn\u00edk\u016f a v neposledn\u00ed \u0159ad\u011b ze znalost\u00ed aplikace analytick\u00fdch technik, jako jsou nap\u0159\u00edklad studie nebezpe\u010d\u00ed a provozuschopnosti (HAZOP), identifikace nebezpe\u010d\u00ed (HAZID), anal\u00fdza stromu poruchov\u00fdch stav\u016f (FTA), anal\u00fdza stromu ud\u00e1lost\u00ed (ETA), FMEA apod.<\/p>\n\n\n\n<p>Podrobn\u011bji viz. <a href=\"https:\/\/www.labrisk.cz\/index.php\/potrebuji-zpracovat-nebo-revidovat-analyzu-rizik-pro-nasi-technologii\/\">#Anal\u00fdza rizik<\/a>.<\/p>\n\n\n\n<figure class=\"wp-block-image size-full\"><img fetchpriority=\"high\" decoding=\"async\" width=\"1024\" height=\"412\" src=\"http:\/\/www.labrisk.cz\/wp-content\/uploads\/2024\/05\/HAZOP4-off-site_1024x412-1.jpg\" alt=\"\" class=\"wp-image-544\" srcset=\"https:\/\/www.labrisk.cz\/wp-content\/uploads\/2024\/05\/HAZOP4-off-site_1024x412-1.jpg 1024w, https:\/\/www.labrisk.cz\/wp-content\/uploads\/2024\/05\/HAZOP4-off-site_1024x412-1-300x121.jpg 300w, https:\/\/www.labrisk.cz\/wp-content\/uploads\/2024\/05\/HAZOP4-off-site_1024x412-1-768x309.jpg 768w, https:\/\/www.labrisk.cz\/wp-content\/uploads\/2024\/05\/HAZOP4-off-site_1024x412-1-1x1.jpg 1w, https:\/\/www.labrisk.cz\/wp-content\/uploads\/2024\/05\/HAZOP4-off-site_1024x412-1-600x241.jpg 600w\" sizes=\"(max-width: 1024px) 100vw, 1024px\" \/><\/figure>\n\n\n\n<p>Posuzov\u00e1n\u00ed rizik prov\u00e1d\u00edme rovn\u011b\u017e s vyu\u017eit\u00edm r\u016fzn\u00fdch znalostn\u00edch b\u00e1z\u00ed, SW model\u016f,  pravd\u011bpodobnostn\u00edch model\u016f a um\u011bl\u00e9 inteligence.<\/p>\n\n\n\n<figure class=\"wp-block-image size-full\"><img decoding=\"async\" width=\"1024\" height=\"412\" src=\"http:\/\/www.labrisk.cz\/wp-content\/uploads\/2024\/05\/Development-of-probability-models-using-Bayesian-network_TOPMID_1024_412-1.jpg\" alt=\"\" class=\"wp-image-533\" srcset=\"https:\/\/www.labrisk.cz\/wp-content\/uploads\/2024\/05\/Development-of-probability-models-using-Bayesian-network_TOPMID_1024_412-1.jpg 1024w, https:\/\/www.labrisk.cz\/wp-content\/uploads\/2024\/05\/Development-of-probability-models-using-Bayesian-network_TOPMID_1024_412-1-300x121.jpg 300w, https:\/\/www.labrisk.cz\/wp-content\/uploads\/2024\/05\/Development-of-probability-models-using-Bayesian-network_TOPMID_1024_412-1-768x309.jpg 768w, https:\/\/www.labrisk.cz\/wp-content\/uploads\/2024\/05\/Development-of-probability-models-using-Bayesian-network_TOPMID_1024_412-1-1x1.jpg 1w, https:\/\/www.labrisk.cz\/wp-content\/uploads\/2024\/05\/Development-of-probability-models-using-Bayesian-network_TOPMID_1024_412-1-600x241.jpg 600w\" sizes=\"(max-width: 1024px) 100vw, 1024px\" \/><\/figure>\n\n\n\n<p>D\u016fle\u017eitou sou\u010d\u00e1st\u00ed na\u0161\u00ed pr\u00e1ce je tak\u00e9 podpora intern\u00edho vy\u0161et\u0159ov\u00e1n\u00ed p\u0159\u00ed\u010din ne\u017e\u00e1douc\u00edch ud\u00e1lost\u00ed (skoronehod, nehod, incident\u016f, hav\u00e1ri\u00ed), v\u010detn\u011b hled\u00e1n\u00ed potenci\u00e1ln\u00edch &#8220;ko\u0159enov\u00fdch p\u0159\u00ed\u010din&#8221;.<\/p>\n\n\n\n<figure class=\"wp-block-image size-full\"><img decoding=\"async\" width=\"1024\" height=\"412\" src=\"http:\/\/www.labrisk.cz\/wp-content\/uploads\/2024\/05\/A-futuristic-concept-art-of-Failure-Tree-risk-Analysis_1_bottom_1024x412-1.jpg\" alt=\"\" class=\"wp-image-532\" srcset=\"https:\/\/www.labrisk.cz\/wp-content\/uploads\/2024\/05\/A-futuristic-concept-art-of-Failure-Tree-risk-Analysis_1_bottom_1024x412-1.jpg 1024w, https:\/\/www.labrisk.cz\/wp-content\/uploads\/2024\/05\/A-futuristic-concept-art-of-Failure-Tree-risk-Analysis_1_bottom_1024x412-1-300x121.jpg 300w, https:\/\/www.labrisk.cz\/wp-content\/uploads\/2024\/05\/A-futuristic-concept-art-of-Failure-Tree-risk-Analysis_1_bottom_1024x412-1-768x309.jpg 768w, https:\/\/www.labrisk.cz\/wp-content\/uploads\/2024\/05\/A-futuristic-concept-art-of-Failure-Tree-risk-Analysis_1_bottom_1024x412-1-1x1.jpg 1w, https:\/\/www.labrisk.cz\/wp-content\/uploads\/2024\/05\/A-futuristic-concept-art-of-Failure-Tree-risk-Analysis_1_bottom_1024x412-1-600x241.jpg 600w\" sizes=\"(max-width: 1024px) 100vw, 1024px\" \/><\/figure>\n","protected":false},"excerpt":{"rendered":"<p>Na\u0161e slu\u017eby vych\u00e1zej\u00ed z na\u0161ich vlastn\u00edch zku\u0161enost\u00ed, mezioborov\u00e9 s\u00edt\u011b dostupn\u00fdch odborn\u00edk\u016f a v neposledn\u00ed \u0159ad\u011b ze znalost\u00ed aplikace analytick\u00fdch technik, jako jsou nap\u0159\u00edklad studie nebezpe\u010d\u00ed a provozuschopnosti (HAZOP), identifikace nebezpe\u010d\u00ed (HAZID), anal\u00fdza stromu poruchov\u00fdch stav\u016f (FTA), anal\u00fdza stromu ud\u00e1lost\u00ed (ETA), FMEA apod. Podrobn\u011bji viz. #Anal\u00fdza rizik. Posuzov\u00e1n\u00ed rizik prov\u00e1d\u00edme rovn\u011b\u017e s vyu\u017eit\u00edm r\u016fzn\u00fdch znalostn\u00edch b\u00e1z\u00ed, [&hellip;]<\/p>\n","protected":false},"author":1,"featured_media":562,"parent":0,"menu_order":0,"comment_status":"closed","ping_status":"closed","template":"","meta":{"footnotes":""},"yoast_head":"<!-- This site is optimized with the Yoast SEO plugin v22.5 - https:\/\/yoast.com\/wordpress\/plugins\/seo\/ -->\n<title>Posuzov\u00e1n\u00ed rizik - LabR!SK.cz<\/title>\n<meta name=\"robots\" content=\"index, follow, max-snippet:-1, max-image-preview:large, max-video-preview:-1\" \/>\n<link rel=\"canonical\" href=\"https:\/\/www.labrisk.cz\/index.php\/risk-analysis-and-assessment\/\" \/>\n<meta property=\"og:locale\" content=\"en_US\" \/>\n<meta property=\"og:type\" content=\"article\" \/>\n<meta property=\"og:title\" content=\"Posuzov\u00e1n\u00ed rizik - LabR!SK.cz\" \/>\n<meta property=\"og:description\" content=\"Na\u0161e slu\u017eby vych\u00e1zej\u00ed z na\u0161ich vlastn\u00edch zku\u0161enost\u00ed, mezioborov\u00e9 s\u00edt\u011b dostupn\u00fdch odborn\u00edk\u016f a v neposledn\u00ed \u0159ad\u011b ze znalost\u00ed aplikace analytick\u00fdch technik, jako jsou nap\u0159\u00edklad studie nebezpe\u010d\u00ed a provozuschopnosti (HAZOP), identifikace nebezpe\u010d\u00ed (HAZID), anal\u00fdza stromu poruchov\u00fdch stav\u016f (FTA), anal\u00fdza stromu ud\u00e1lost\u00ed (ETA), FMEA apod. Podrobn\u011bji viz. #Anal\u00fdza rizik. Posuzov\u00e1n\u00ed rizik prov\u00e1d\u00edme rovn\u011b\u017e s vyu\u017eit\u00edm r\u016fzn\u00fdch znalostn\u00edch b\u00e1z\u00ed, [&hellip;]\" \/>\n<meta property=\"og:url\" content=\"https:\/\/www.labrisk.cz\/index.php\/risk-analysis-and-assessment\/\" \/>\n<meta property=\"og:site_name\" content=\"LabR!SK.cz\" \/>\n<meta property=\"article:modified_time\" content=\"2024-06-03T10:50:32+00:00\" \/>\n<meta property=\"og:image\" content=\"http:\/\/www.labrisk.cz\/wp-content\/uploads\/2024\/05\/HAZOP3-off-site_middle_1024x412-2.jpg\" \/>\n\t<meta property=\"og:image:width\" content=\"1024\" \/>\n\t<meta property=\"og:image:height\" content=\"412\" \/>\n\t<meta property=\"og:image:type\" content=\"image\/jpeg\" \/>\n<meta name=\"twitter:label1\" content=\"Est. reading time\" \/>\n\t<meta name=\"twitter:data1\" content=\"2 minutes\" \/>\n<script type=\"application\/ld+json\" class=\"yoast-schema-graph\">{\"@context\":\"https:\/\/schema.org\",\"@graph\":[{\"@type\":\"WebPage\",\"@id\":\"https:\/\/www.labrisk.cz\/index.php\/risk-analysis-and-assessment\/\",\"url\":\"https:\/\/www.labrisk.cz\/index.php\/risk-analysis-and-assessment\/\",\"name\":\"Posuzov\u00e1n\u00ed rizik - LabR!SK.cz\",\"isPartOf\":{\"@id\":\"https:\/\/www.labrisk.cz\/#website\"},\"primaryImageOfPage\":{\"@id\":\"https:\/\/www.labrisk.cz\/index.php\/risk-analysis-and-assessment\/#primaryimage\"},\"image\":{\"@id\":\"https:\/\/www.labrisk.cz\/index.php\/risk-analysis-and-assessment\/#primaryimage\"},\"thumbnailUrl\":\"https:\/\/www.labrisk.cz\/wp-content\/uploads\/2024\/05\/HAZOP3-off-site_middle_1024x412-2.jpg\",\"datePublished\":\"2024-05-01T09:09:33+00:00\",\"dateModified\":\"2024-06-03T10:50:32+00:00\",\"breadcrumb\":{\"@id\":\"https:\/\/www.labrisk.cz\/index.php\/risk-analysis-and-assessment\/#breadcrumb\"},\"inLanguage\":\"en-US\",\"potentialAction\":[{\"@type\":\"ReadAction\",\"target\":[\"https:\/\/www.labrisk.cz\/index.php\/risk-analysis-and-assessment\/\"]}]},{\"@type\":\"ImageObject\",\"inLanguage\":\"en-US\",\"@id\":\"https:\/\/www.labrisk.cz\/index.php\/risk-analysis-and-assessment\/#primaryimage\",\"url\":\"https:\/\/www.labrisk.cz\/wp-content\/uploads\/2024\/05\/HAZOP3-off-site_middle_1024x412-2.jpg\",\"contentUrl\":\"https:\/\/www.labrisk.cz\/wp-content\/uploads\/2024\/05\/HAZOP3-off-site_middle_1024x412-2.jpg\",\"width\":1024,\"height\":412},{\"@type\":\"BreadcrumbList\",\"@id\":\"https:\/\/www.labrisk.cz\/index.php\/risk-analysis-and-assessment\/#breadcrumb\",\"itemListElement\":[{\"@type\":\"ListItem\",\"position\":1,\"name\":\"Dom\u016f\",\"item\":\"https:\/\/www.labrisk.cz\/\"},{\"@type\":\"ListItem\",\"position\":2,\"name\":\"Posuzov\u00e1n\u00ed rizik\"}]},{\"@type\":\"WebSite\",\"@id\":\"https:\/\/www.labrisk.cz\/#website\",\"url\":\"https:\/\/www.labrisk.cz\/\",\"name\":\"LabR!SK.cz\",\"description\":\"Bezpe\u010dn\u011b, resilientn\u011b a udr\u017eiteln\u011b s n\u00e1mi.\",\"potentialAction\":[{\"@type\":\"SearchAction\",\"target\":{\"@type\":\"EntryPoint\",\"urlTemplate\":\"https:\/\/www.labrisk.cz\/?s={search_term_string}\"},\"query-input\":\"required name=search_term_string\"}],\"inLanguage\":\"en-US\"}]}<\/script>\n<!-- \/ Yoast SEO plugin. -->","yoast_head_json":{"title":"Posuzov\u00e1n\u00ed rizik - LabR!SK.cz","robots":{"index":"index","follow":"follow","max-snippet":"max-snippet:-1","max-image-preview":"max-image-preview:large","max-video-preview":"max-video-preview:-1"},"canonical":"https:\/\/www.labrisk.cz\/index.php\/risk-analysis-and-assessment\/","og_locale":"en_US","og_type":"article","og_title":"Posuzov\u00e1n\u00ed rizik - LabR!SK.cz","og_description":"Na\u0161e slu\u017eby vych\u00e1zej\u00ed z na\u0161ich vlastn\u00edch zku\u0161enost\u00ed, mezioborov\u00e9 s\u00edt\u011b dostupn\u00fdch odborn\u00edk\u016f a v neposledn\u00ed \u0159ad\u011b ze znalost\u00ed aplikace analytick\u00fdch technik, jako jsou nap\u0159\u00edklad studie nebezpe\u010d\u00ed a provozuschopnosti (HAZOP), identifikace nebezpe\u010d\u00ed (HAZID), anal\u00fdza stromu poruchov\u00fdch stav\u016f (FTA), anal\u00fdza stromu ud\u00e1lost\u00ed (ETA), FMEA apod. Podrobn\u011bji viz. #Anal\u00fdza rizik. Posuzov\u00e1n\u00ed rizik prov\u00e1d\u00edme rovn\u011b\u017e s vyu\u017eit\u00edm r\u016fzn\u00fdch znalostn\u00edch b\u00e1z\u00ed, [&hellip;]","og_url":"https:\/\/www.labrisk.cz\/index.php\/risk-analysis-and-assessment\/","og_site_name":"LabR!SK.cz","article_modified_time":"2024-06-03T10:50:32+00:00","og_image":[{"width":1024,"height":412,"url":"http:\/\/www.labrisk.cz\/wp-content\/uploads\/2024\/05\/HAZOP3-off-site_middle_1024x412-2.jpg","type":"image\/jpeg"}],"twitter_misc":{"Est. reading time":"2 minutes"},"schema":{"@context":"https:\/\/schema.org","@graph":[{"@type":"WebPage","@id":"https:\/\/www.labrisk.cz\/index.php\/risk-analysis-and-assessment\/","url":"https:\/\/www.labrisk.cz\/index.php\/risk-analysis-and-assessment\/","name":"Posuzov\u00e1n\u00ed rizik - LabR!SK.cz","isPartOf":{"@id":"https:\/\/www.labrisk.cz\/#website"},"primaryImageOfPage":{"@id":"https:\/\/www.labrisk.cz\/index.php\/risk-analysis-and-assessment\/#primaryimage"},"image":{"@id":"https:\/\/www.labrisk.cz\/index.php\/risk-analysis-and-assessment\/#primaryimage"},"thumbnailUrl":"https:\/\/www.labrisk.cz\/wp-content\/uploads\/2024\/05\/HAZOP3-off-site_middle_1024x412-2.jpg","datePublished":"2024-05-01T09:09:33+00:00","dateModified":"2024-06-03T10:50:32+00:00","breadcrumb":{"@id":"https:\/\/www.labrisk.cz\/index.php\/risk-analysis-and-assessment\/#breadcrumb"},"inLanguage":"en-US","potentialAction":[{"@type":"ReadAction","target":["https:\/\/www.labrisk.cz\/index.php\/risk-analysis-and-assessment\/"]}]},{"@type":"ImageObject","inLanguage":"en-US","@id":"https:\/\/www.labrisk.cz\/index.php\/risk-analysis-and-assessment\/#primaryimage","url":"https:\/\/www.labrisk.cz\/wp-content\/uploads\/2024\/05\/HAZOP3-off-site_middle_1024x412-2.jpg","contentUrl":"https:\/\/www.labrisk.cz\/wp-content\/uploads\/2024\/05\/HAZOP3-off-site_middle_1024x412-2.jpg","width":1024,"height":412},{"@type":"BreadcrumbList","@id":"https:\/\/www.labrisk.cz\/index.php\/risk-analysis-and-assessment\/#breadcrumb","itemListElement":[{"@type":"ListItem","position":1,"name":"Dom\u016f","item":"https:\/\/www.labrisk.cz\/"},{"@type":"ListItem","position":2,"name":"Posuzov\u00e1n\u00ed rizik"}]},{"@type":"WebSite","@id":"https:\/\/www.labrisk.cz\/#website","url":"https:\/\/www.labrisk.cz\/","name":"LabR!SK.cz","description":"Bezpe\u010dn\u011b, resilientn\u011b a udr\u017eiteln\u011b s n\u00e1mi.","potentialAction":[{"@type":"SearchAction","target":{"@type":"EntryPoint","urlTemplate":"https:\/\/www.labrisk.cz\/?s={search_term_string}"},"query-input":"required name=search_term_string"}],"inLanguage":"en-US"}]}},"_links":{"self":[{"href":"https:\/\/www.labrisk.cz\/index.php\/wp-json\/wp\/v2\/pages\/570"}],"collection":[{"href":"https:\/\/www.labrisk.cz\/index.php\/wp-json\/wp\/v2\/pages"}],"about":[{"href":"https:\/\/www.labrisk.cz\/index.php\/wp-json\/wp\/v2\/types\/page"}],"author":[{"embeddable":true,"href":"https:\/\/www.labrisk.cz\/index.php\/wp-json\/wp\/v2\/users\/1"}],"replies":[{"embeddable":true,"href":"https:\/\/www.labrisk.cz\/index.php\/wp-json\/wp\/v2\/comments?post=570"}],"version-history":[{"count":8,"href":"https:\/\/www.labrisk.cz\/index.php\/wp-json\/wp\/v2\/pages\/570\/revisions"}],"predecessor-version":[{"id":726,"href":"https:\/\/www.labrisk.cz\/index.php\/wp-json\/wp\/v2\/pages\/570\/revisions\/726"}],"wp:featuredmedia":[{"embeddable":true,"href":"https:\/\/www.labrisk.cz\/index.php\/wp-json\/wp\/v2\/media\/562"}],"wp:attachment":[{"href":"https:\/\/www.labrisk.cz\/index.php\/wp-json\/wp\/v2\/media?parent=570"}],"curies":[{"name":"wp","href":"https:\/\/api.w.org\/{rel}","templated":true}]}}