{"id":345,"date":"2021-05-04T07:43:11","date_gmt":"2021-05-04T07:43:11","guid":{"rendered":"http:\/\/www.labrisk.cz\/?page_id=345"},"modified":"2024-06-03T08:39:26","modified_gmt":"2024-06-03T08:39:26","slug":"potrebuji-servis-bozp-a-po-na-miru","status":"publish","type":"page","link":"https:\/\/www.labrisk.cz\/index.php\/potrebuji-servis-bozp-a-po-na-miru\/","title":{"rendered":"# Slu\u017eby v oblasti BOZP, v\u010detn\u011b koordin\u00e1tora BOZP na staveni\u0161ti"},"content":{"rendered":"\n<p><\/p>\n\n\n\n<ul>\n<li>Nab\u00edz\u00edme klasick\u00fd servis BOZP (v\u010detn\u011b vstupn\u00edho auditu aktu\u00e1ln\u00edho stavu BOZP u V\u00e1s, identifikace nebezpe\u010d\u00ed a rizik, pl\u00e1n\u016f BOZP, zpracov\u00e1n\u00ed \u010di aktualizace registr\u016f rizik, pot\u0159ebn\u00fdch specifick\u00fdch a periodick\u00fdch \u0161kolen\u00ed, aktualizace Va\u0161\u00ed dokumentace a prozovn\u00edch sm\u011brnic, pl\u00e1nov\u00e1n\u00ed a realizace nam\u00e1tkov\u00fdch kontrol, servis v p\u0159\u00edpad\u011b v\u00fdskytu incidentu na pracovi\u0161ti).<\/li>\n\n\n\n<li>D\u00e1le nab\u00edz\u00edme slu\u017eby koordin\u00e1tora BOZP na staveni\u0161ti, dle \u00a7 15&nbsp; z\u00e1kona \u010d. 309\/2006 Sb. Vyhled\u00e1v\u00e1me a monitorujeme rizika spojen\u00e1 s BOZP. P\u0159iprav\u00edme pravideln\u00e9 informa\u010dn\u00ed zpr\u00e1vy z auditu &#8220;in-situ&#8221; a navrhneme opat\u0159en\u00ed, kter\u00e1 minimalizuj\u00ed ohro\u017een\u00ed zdrav\u00ed osob, v\u010detn\u011b ohro\u017een\u00ed Va\u0161ich dal\u0161\u00edch \u010dinnost\u00ed a hmotn\u00fdch aktiv (upozorn\u00edme na mo\u017en\u00e1 rizika t\u0159et\u00edch stran \u010di na rizika ohro\u017een\u00ed ve\u0159ejnosti v bl\u00edzkosti stavby). <\/li>\n\n\n\n<li>Fungujeme jako odborn\u011b zp\u016fsobil\u00fd specialista BOZP, se zam\u011b\u0159en\u00edm na pln\u011bn\u00ed sv\u011b\u0159en\u00fdch \u00fakol\u016f.<\/li>\n\n\n\n<li>Postar\u00e1me se o monitoring BOZP na pracovi\u0161i a spolu s V\u00e1mi se pokus\u00edme sn\u00ed\u017eit rizika pro va\u0161e zam\u011bstnance, dodavatele a ostatn\u00ed \u00fa\u010dastn\u00edky stavby.<\/li>\n<\/ul>\n\n\n\n<p><strong>Pro\u010d si vybrat pr\u00e1v\u011b n\u00e1s?<\/strong><\/p>\n\n\n\n<ul>\n<li>Z\u00edsk\u00e1te komplexn\u00ed servis od zku\u0161en\u00fdch, multioborov\u011b vzd\u011blan\u00fdch odborn\u00edk\u016f, p\u016fsob\u00edc\u00edch tak\u00e9 v oblasti VaV a dal\u0161\u00edch firm\u00e1ch (ROVS, V\u0160B-TUO, apod.).<\/li>\n\n\n\n<li>Klademe d\u016fraz na individu\u00e1ln\u00ed p\u0159\u00edstup ke klient\u016fm, aktu\u00e1ln\u011b zejm\u00e9na na Morav\u011b a ve Slezsku.<\/li>\n\n\n\n<li>Dodr\u017eujeme term\u00edny.<\/li>\n<\/ul>\n\n\n\n<p><strong>Postup realizace slu\u017eeb<\/strong><\/p>\n\n\n\n<ul>\n<li>Kontaktov\u00e1n\u00ed z Va\u0161\u00ed strany. Vypl\u0148te <a href=\"https:\/\/www.labrisk.cz\/index.php\/poptavka\/\">popt\u00e1vkov\u00fd formul\u00e1\u0159<\/a> nebo napi\u0161te e-mail s Va\u0161\u00ed popt\u00e1vkou, kontaktn\u00edmi \u00fadaji p\u0159\u00edpadn\u011b n\u00e1m zavolejte. Tak\u00e9 je mo\u017en\u00e9 objednat z\u00e1kladn\u00ed bal\u00ed\u010dek slu\u017eeb v na\u0161em e-shopu a d\u00e1le se domluvit.<\/li>\n\n\n\n<li>Zpracov\u00e1n\u00ed cenov\u00e9 nab\u00eddky. Spole\u010dn\u011b domluv\u00edme dle kontextu popt\u00e1vky rozsah slu\u017eeb a p\u0159iprav\u00edme V\u00e1m cenovou nab\u00eddku.<\/li>\n\n\n\n<li>Objedn\u00e1vka \/ smlouva. Po ujasn\u011bn\u00ed parametr\u016f a term\u00ednu zak\u00e1zky za\u0161lete bu\u010f z\u00e1vaznou objedn\u00e1vku nebo uzav\u0159eme smlouvu.<\/li>\n\n\n\n<li>Vlastn\u00ed realizace slu\u017eby. Dle term\u00edn\u016f za\u010dneme s realizac\u00ed zak\u00e1zky.<\/li>\n<\/ul>\n\n\n\n<p><\/p>\n\n\n\n<p><\/p>\n\n\n\n<p><\/p>\n","protected":false},"excerpt":{"rendered":"<p>Pro\u010d si vybrat pr\u00e1v\u011b n\u00e1s? Postup realizace slu\u017eeb<\/p>\n","protected":false},"author":1,"featured_media":0,"parent":0,"menu_order":0,"comment_status":"closed","ping_status":"closed","template":"","meta":{"footnotes":""},"yoast_head":"<!-- This site is optimized with the Yoast SEO plugin v22.5 - https:\/\/yoast.com\/wordpress\/plugins\/seo\/ -->\n<title># Slu\u017eby v oblasti BOZP, v\u010detn\u011b koordin\u00e1tora BOZP na staveni\u0161ti - LabR!SK.cz<\/title>\n<meta name=\"robots\" content=\"index, follow, max-snippet:-1, max-image-preview:large, max-video-preview:-1\" \/>\n<link rel=\"canonical\" href=\"https:\/\/www.labrisk.cz\/index.php\/potrebuji-servis-bozp-a-po-na-miru\/\" \/>\n<meta property=\"og:locale\" content=\"en_US\" \/>\n<meta property=\"og:type\" content=\"article\" \/>\n<meta property=\"og:title\" content=\"# Slu\u017eby v oblasti BOZP, v\u010detn\u011b koordin\u00e1tora BOZP na staveni\u0161ti - LabR!SK.cz\" \/>\n<meta property=\"og:description\" content=\"Pro\u010d si vybrat pr\u00e1v\u011b n\u00e1s? Postup realizace slu\u017eeb\" \/>\n<meta property=\"og:url\" content=\"https:\/\/www.labrisk.cz\/index.php\/potrebuji-servis-bozp-a-po-na-miru\/\" \/>\n<meta property=\"og:site_name\" content=\"LabR!SK.cz\" \/>\n<meta property=\"article:modified_time\" content=\"2024-06-03T08:39:26+00:00\" \/>\n<meta name=\"twitter:label1\" content=\"Est. reading time\" \/>\n\t<meta name=\"twitter:data1\" content=\"2 minutes\" \/>\n<script type=\"application\/ld+json\" class=\"yoast-schema-graph\">{\"@context\":\"https:\/\/schema.org\",\"@graph\":[{\"@type\":\"WebPage\",\"@id\":\"https:\/\/www.labrisk.cz\/index.php\/potrebuji-servis-bozp-a-po-na-miru\/\",\"url\":\"https:\/\/www.labrisk.cz\/index.php\/potrebuji-servis-bozp-a-po-na-miru\/\",\"name\":\"# Slu\u017eby v oblasti BOZP, v\u010detn\u011b koordin\u00e1tora BOZP na staveni\u0161ti - LabR!SK.cz\",\"isPartOf\":{\"@id\":\"https:\/\/www.labrisk.cz\/#website\"},\"datePublished\":\"2021-05-04T07:43:11+00:00\",\"dateModified\":\"2024-06-03T08:39:26+00:00\",\"breadcrumb\":{\"@id\":\"https:\/\/www.labrisk.cz\/index.php\/potrebuji-servis-bozp-a-po-na-miru\/#breadcrumb\"},\"inLanguage\":\"en-US\",\"potentialAction\":[{\"@type\":\"ReadAction\",\"target\":[\"https:\/\/www.labrisk.cz\/index.php\/potrebuji-servis-bozp-a-po-na-miru\/\"]}]},{\"@type\":\"BreadcrumbList\",\"@id\":\"https:\/\/www.labrisk.cz\/index.php\/potrebuji-servis-bozp-a-po-na-miru\/#breadcrumb\",\"itemListElement\":[{\"@type\":\"ListItem\",\"position\":1,\"name\":\"Dom\u016f\",\"item\":\"https:\/\/www.labrisk.cz\/\"},{\"@type\":\"ListItem\",\"position\":2,\"name\":\"# Slu\u017eby v oblasti BOZP, v\u010detn\u011b koordin\u00e1tora BOZP na staveni\u0161ti\"}]},{\"@type\":\"WebSite\",\"@id\":\"https:\/\/www.labrisk.cz\/#website\",\"url\":\"https:\/\/www.labrisk.cz\/\",\"name\":\"LabR!SK.cz\",\"description\":\"Bezpe\u010dn\u011b, resilientn\u011b a udr\u017eiteln\u011b s n\u00e1mi.\",\"potentialAction\":[{\"@type\":\"SearchAction\",\"target\":{\"@type\":\"EntryPoint\",\"urlTemplate\":\"https:\/\/www.labrisk.cz\/?s={search_term_string}\"},\"query-input\":\"required name=search_term_string\"}],\"inLanguage\":\"en-US\"}]}<\/script>\n<!-- \/ Yoast SEO plugin. -->","yoast_head_json":{"title":"# Slu\u017eby v oblasti BOZP, v\u010detn\u011b koordin\u00e1tora BOZP na staveni\u0161ti - LabR!SK.cz","robots":{"index":"index","follow":"follow","max-snippet":"max-snippet:-1","max-image-preview":"max-image-preview:large","max-video-preview":"max-video-preview:-1"},"canonical":"https:\/\/www.labrisk.cz\/index.php\/potrebuji-servis-bozp-a-po-na-miru\/","og_locale":"en_US","og_type":"article","og_title":"# Slu\u017eby v oblasti BOZP, v\u010detn\u011b koordin\u00e1tora BOZP na staveni\u0161ti - LabR!SK.cz","og_description":"Pro\u010d si vybrat pr\u00e1v\u011b n\u00e1s? Postup realizace slu\u017eeb","og_url":"https:\/\/www.labrisk.cz\/index.php\/potrebuji-servis-bozp-a-po-na-miru\/","og_site_name":"LabR!SK.cz","article_modified_time":"2024-06-03T08:39:26+00:00","twitter_misc":{"Est. reading time":"2 minutes"},"schema":{"@context":"https:\/\/schema.org","@graph":[{"@type":"WebPage","@id":"https:\/\/www.labrisk.cz\/index.php\/potrebuji-servis-bozp-a-po-na-miru\/","url":"https:\/\/www.labrisk.cz\/index.php\/potrebuji-servis-bozp-a-po-na-miru\/","name":"# Slu\u017eby v oblasti BOZP, v\u010detn\u011b koordin\u00e1tora BOZP na staveni\u0161ti - LabR!SK.cz","isPartOf":{"@id":"https:\/\/www.labrisk.cz\/#website"},"datePublished":"2021-05-04T07:43:11+00:00","dateModified":"2024-06-03T08:39:26+00:00","breadcrumb":{"@id":"https:\/\/www.labrisk.cz\/index.php\/potrebuji-servis-bozp-a-po-na-miru\/#breadcrumb"},"inLanguage":"en-US","potentialAction":[{"@type":"ReadAction","target":["https:\/\/www.labrisk.cz\/index.php\/potrebuji-servis-bozp-a-po-na-miru\/"]}]},{"@type":"BreadcrumbList","@id":"https:\/\/www.labrisk.cz\/index.php\/potrebuji-servis-bozp-a-po-na-miru\/#breadcrumb","itemListElement":[{"@type":"ListItem","position":1,"name":"Dom\u016f","item":"https:\/\/www.labrisk.cz\/"},{"@type":"ListItem","position":2,"name":"# Slu\u017eby v oblasti BOZP, v\u010detn\u011b koordin\u00e1tora BOZP na staveni\u0161ti"}]},{"@type":"WebSite","@id":"https:\/\/www.labrisk.cz\/#website","url":"https:\/\/www.labrisk.cz\/","name":"LabR!SK.cz","description":"Bezpe\u010dn\u011b, resilientn\u011b a udr\u017eiteln\u011b s n\u00e1mi.","potentialAction":[{"@type":"SearchAction","target":{"@type":"EntryPoint","urlTemplate":"https:\/\/www.labrisk.cz\/?s={search_term_string}"},"query-input":"required name=search_term_string"}],"inLanguage":"en-US"}]}},"_links":{"self":[{"href":"https:\/\/www.labrisk.cz\/index.php\/wp-json\/wp\/v2\/pages\/345"}],"collection":[{"href":"https:\/\/www.labrisk.cz\/index.php\/wp-json\/wp\/v2\/pages"}],"about":[{"href":"https:\/\/www.labrisk.cz\/index.php\/wp-json\/wp\/v2\/types\/page"}],"author":[{"embeddable":true,"href":"https:\/\/www.labrisk.cz\/index.php\/wp-json\/wp\/v2\/users\/1"}],"replies":[{"embeddable":true,"href":"https:\/\/www.labrisk.cz\/index.php\/wp-json\/wp\/v2\/comments?post=345"}],"version-history":[{"count":18,"href":"https:\/\/www.labrisk.cz\/index.php\/wp-json\/wp\/v2\/pages\/345\/revisions"}],"predecessor-version":[{"id":689,"href":"https:\/\/www.labrisk.cz\/index.php\/wp-json\/wp\/v2\/pages\/345\/revisions\/689"}],"wp:attachment":[{"href":"https:\/\/www.labrisk.cz\/index.php\/wp-json\/wp\/v2\/media?parent=345"}],"curies":[{"name":"wp","href":"https:\/\/api.w.org\/{rel}","templated":true}]}}